{"id":1492,"date":"2025-09-11T09:33:43","date_gmt":"2025-09-11T09:33:43","guid":{"rendered":"https:\/\/drukkerijhendrix.be\/emplois\/"},"modified":"2025-11-04T15:11:40","modified_gmt":"2025-11-04T15:11:40","slug":"emplois","status":"publish","type":"page","link":"https:\/\/drukkerijhendrix.be\/fr\/emplois\/","title":{"rendered":"Emplois"},"content":{"rendered":"\t\t<div data-elementor-type=\"wp-page\" data-elementor-id=\"1492\" class=\"elementor elementor-1492 elementor-318\" data-elementor-post-type=\"page\">\n\t\t\t\t<div class=\"elementor-element elementor-element-fc09f86 e-flex e-con-boxed e-con e-parent\" data-id=\"fc09f86\" data-element_type=\"container\" data-e-type=\"container\" data-settings=\"{&quot;background_background&quot;:&quot;classic&quot;}\">\n\t\t\t\t\t<div class=\"e-con-inner\">\n\t\t<div class=\"elementor-element elementor-element-1994ada e-con-full e-flex e-con e-child\" data-id=\"1994ada\" data-element_type=\"container\" data-e-type=\"container\">\n\t\t\t\t<div class=\"elementor-element elementor-element-55c51c1 elementor-widget elementor-widget-heading\" data-id=\"55c51c1\" data-element_type=\"widget\" data-e-type=\"widget\" data-widget_type=\"heading.default\">\n\t\t\t\t\t<h1 class=\"elementor-heading-title elementor-size-default\">Emplois<\/h1>\t\t\t\t<\/div>\n\t\t\t\t<div class=\"elementor-element elementor-element-16e4800 elementor-widget elementor-widget-text-editor\" data-id=\"16e4800\" data-element_type=\"widget\" data-e-type=\"widget\" data-widget_type=\"text-editor.default\">\n\t\t\t\t\t\t\t\t\t<p>Chez Drukkerij Hendrix, nous construisons des imprim\u00e9s de qualit\u00e9 depuis trois g\u00e9n\u00e9rations. Chez nous, vous ne travaillez pas seulement sur une impression de qualit\u00e9, mais aussi avec une \u00e9quipe soud\u00e9e o\u00f9 tout le monde compte. Nous nous d\u00e9veloppons et innovons, tout en restant fid\u00e8les \u00e0 notre approche personnelle.  <\/p><p>D\u00e9couvrez nos offres d&#8217;emploi. \u00cates-vous pr\u00eat \u00e0 faire la diff\u00e9rence ? <\/p>\t\t\t\t\t\t\t\t<\/div>\n\t\t\t\t<\/div>\n\t\t\t\t\t<\/div>\n\t\t\t\t<\/div>\n\t\t<div class=\"elementor-element elementor-element-ca421bf e-flex e-con-boxed e-con e-parent\" data-id=\"ca421bf\" data-element_type=\"container\" data-e-type=\"container\">\n\t\t\t\t\t<div class=\"e-con-inner\">\n\t\t\t\t<div class=\"elementor-element elementor-element-cd48a4e elementor-grid-1 elementor-grid-tablet-2 elementor-grid-mobile-1 elementor-widget elementor-widget-loop-grid\" data-id=\"cd48a4e\" data-element_type=\"widget\" data-e-type=\"widget\" data-settings=\"{&quot;template_id&quot;:1676,&quot;columns&quot;:1,&quot;_skin&quot;:&quot;post&quot;,&quot;columns_tablet&quot;:&quot;2&quot;,&quot;columns_mobile&quot;:&quot;1&quot;,&quot;edit_handle_selector&quot;:&quot;[data-elementor-type=\\&quot;loop-item\\&quot;]&quot;,&quot;row_gap&quot;:{&quot;unit&quot;:&quot;px&quot;,&quot;size&quot;:&quot;&quot;,&quot;sizes&quot;:[]},&quot;row_gap_tablet&quot;:{&quot;unit&quot;:&quot;px&quot;,&quot;size&quot;:&quot;&quot;,&quot;sizes&quot;:[]},&quot;row_gap_mobile&quot;:{&quot;unit&quot;:&quot;px&quot;,&quot;size&quot;:&quot;&quot;,&quot;sizes&quot;:[]}}\" data-widget_type=\"loop-grid.post\">\n\t\t\t\t<div class=\"elementor-widget-container\">\n\t\t\t\t\t\t\t<div class=\"elementor-loop-container elementor-grid\" role=\"list\">\n\t\t<style id=\"loop-1676\">.elementor-1676 .elementor-element.elementor-element-22bb1e8{--display:flex;--flex-direction:row;--container-widget-width:initial;--container-widget-height:100%;--container-widget-flex-grow:1;--container-widget-align-self:stretch;--flex-wrap-mobile:wrap;--gap:0px 0px;--row-gap:0px;--column-gap:0px;--padding-top:20px;--padding-bottom:20px;--padding-left:20px;--padding-right:20px;}.elementor-1676 .elementor-element.elementor-element-be6601b{--display:flex;--padding-top:0px;--padding-bottom:0px;--padding-left:0px;--padding-right:0px;}.elementor-widget-image .widget-image-caption{color:var( --e-global-color-text );font-family:var( --e-global-typography-text-font-family ), Sans-serif;font-size:var( --e-global-typography-text-font-size );font-weight:var( --e-global-typography-text-font-weight );}.elementor-1676 .elementor-element.elementor-element-08344e4 img{width:100%;height:500px;object-fit:cover;object-position:center center;}.elementor-1676 .elementor-element.elementor-element-d37b1e7{--display:flex;--min-height:375px;--justify-content:center;--margin-top:30px;--margin-bottom:30px;--margin-left:-30px;--margin-right:0px;--padding-top:50px;--padding-bottom:50px;--padding-left:50px;--padding-right:50px;}.elementor-1676 .elementor-element.elementor-element-d37b1e7:not(.elementor-motion-effects-element-type-background), .elementor-1676 .elementor-element.elementor-element-d37b1e7 > .elementor-motion-effects-container > .elementor-motion-effects-layer{background-color:var( --e-global-color-1274524 );}.elementor-widget-heading .elementor-heading-title{font-family:var( --e-global-typography-primary-font-family ), Sans-serif;font-size:var( --e-global-typography-primary-font-size );font-weight:var( --e-global-typography-primary-font-weight );color:var( --e-global-color-primary );}.elementor-1676 .elementor-element.elementor-element-a25155a .elementor-heading-title{font-family:\"alfarn-2\", Sans-serif;font-size:30px;font-weight:600;}.elementor-1676 .elementor-element.elementor-element-e755696 .elementor-heading-title{font-family:\"Century Gothic Paneuropean\", Sans-serif;font-size:16px;font-weight:700;color:var( --e-global-color-astglobalcolor4 );}.elementor-1676 .elementor-element.elementor-element-e755696{margin:-10px 0px calc(var(--kit-widget-spacing, 0px) + 0px) 0px;}.elementor-widget-text-editor{font-family:var( --e-global-typography-text-font-family ), Sans-serif;font-size:var( --e-global-typography-text-font-size );font-weight:var( --e-global-typography-text-font-weight );color:var( --e-global-color-text );}.elementor-widget-text-editor.elementor-drop-cap-view-stacked .elementor-drop-cap{background-color:var( --e-global-color-primary );}.elementor-widget-text-editor.elementor-drop-cap-view-framed .elementor-drop-cap, .elementor-widget-text-editor.elementor-drop-cap-view-default .elementor-drop-cap{color:var( --e-global-color-primary );border-color:var( --e-global-color-primary );}.elementor-1676 .elementor-element.elementor-element-decee1b{font-family:\"Century Gothic Paneuropean\", Sans-serif;font-size:14px;font-weight:400;line-height:24px;color:var( --e-global-color-astglobalcolor4 );width:var( --container-widget-width, 500px );max-width:500px;--container-widget-width:500px;--container-widget-flex-grow:0;}.elementor-widget-button .elementor-button{font-family:var( --e-global-typography-accent-font-family ), Sans-serif;font-weight:var( --e-global-typography-accent-font-weight );background-color:var( --e-global-color-accent );}.elementor-1676 .elementor-element.elementor-element-23bda38 .elementor-button{font-family:\"Roboto\", Sans-serif;font-size:20px;font-weight:700;fill:var( --e-global-color-astglobalcolor4 );color:var( --e-global-color-astglobalcolor4 );background-color:var( --e-global-color-primary );border-style:none;border-radius:40px 40px 40px 40px;padding:15px 30px 15px 30px;}.elementor-1676 .elementor-element.elementor-element-23bda38{padding:0px 0px 0px 0px;}@media(max-width:1024px){.elementor-widget-image .widget-image-caption{font-size:var( --e-global-typography-text-font-size );}.elementor-widget-heading .elementor-heading-title{font-size:var( --e-global-typography-primary-font-size );}.elementor-widget-text-editor{font-size:var( --e-global-typography-text-font-size );}}@media(max-width:767px){.elementor-1676 .elementor-element.elementor-element-22bb1e8{--width:100%;--margin-top:0px;--margin-bottom:0px;--margin-left:0px;--margin-right:0px;--padding-top:0px;--padding-bottom:0px;--padding-left:0px;--padding-right:0px;}.elementor-1676 .elementor-element.elementor-element-be6601b{--margin-top:0px;--margin-bottom:0px;--margin-left:0px;--margin-right:0px;--padding-top:0px;--padding-bottom:0px;--padding-left:0px;--padding-right:0px;}.elementor-widget-image .widget-image-caption{font-size:var( --e-global-typography-text-font-size );}.elementor-1676 .elementor-element.elementor-element-d37b1e7{--margin-top:0px;--margin-bottom:0px;--margin-left:0px;--margin-right:0px;--padding-top:0px;--padding-bottom:25px;--padding-left:25px;--padding-right:25px;}.elementor-widget-heading .elementor-heading-title{font-size:var( --e-global-typography-primary-font-size );}.elementor-1676 .elementor-element.elementor-element-a25155a .elementor-heading-title{font-size:20px;}.elementor-widget-text-editor{font-size:var( --e-global-typography-text-font-size );}}<\/style>\t\t<div data-elementor-type=\"loop-item\" data-elementor-id=\"1676\" class=\"elementor elementor-1676 elementor-583 elementor-583 e-loop-item e-loop-item-3888 post-3888 vacature type-vacature status-publish hentry\" data-elementor-post-type=\"elementor_library\" data-custom-edit-handle=\"1\">\n\t\t\t<div class=\"elementor-element elementor-element-22bb1e8 e-con-full e-flex e-con e-parent\" data-id=\"22bb1e8\" data-element_type=\"container\" data-e-type=\"container\">\n\t\t<div class=\"elementor-element elementor-element-be6601b e-flex e-con-boxed e-con e-child\" data-id=\"be6601b\" data-element_type=\"container\" data-e-type=\"container\" data-settings=\"{&quot;background_background&quot;:&quot;classic&quot;}\">\n\t\t\t\t\t<div class=\"e-con-inner\">\n\t\t\t\t<div class=\"elementor-element elementor-element-08344e4 elementor-widget elementor-widget-image\" data-id=\"08344e4\" data-element_type=\"widget\" data-e-type=\"widget\" data-widget_type=\"image.default\">\n\t\t\t\t\t\t\t\t\t\t\t\t\t\t\t<img fetchpriority=\"high\" decoding=\"async\" width=\"1200\" height=\"800\" src=\"https:\/\/drukkerijhendrix.be\/wp-content\/uploads\/2025\/09\/Vouwmachine-job.jpg\" class=\"attachment-full size-full wp-image-3890\" alt=\"\" srcset=\"https:\/\/drukkerijhendrix.be\/wp-content\/uploads\/2025\/09\/Vouwmachine-job.jpg 1200w, https:\/\/drukkerijhendrix.be\/wp-content\/uploads\/2025\/09\/Vouwmachine-job-300x200.jpg 300w, https:\/\/drukkerijhendrix.be\/wp-content\/uploads\/2025\/09\/Vouwmachine-job-1024x683.jpg 1024w, https:\/\/drukkerijhendrix.be\/wp-content\/uploads\/2025\/09\/Vouwmachine-job-768x512.jpg 768w\" sizes=\"(max-width: 1200px) 100vw, 1200px\" title=\"\">\t\t\t\t\t\t\t\t\t\t\t\t\t\t\t<\/div>\n\t\t\t\t\t<\/div>\n\t\t\t\t<\/div>\n\t\t<div class=\"elementor-element elementor-element-d37b1e7 e-flex e-con-boxed e-con e-child\" data-id=\"d37b1e7\" data-element_type=\"container\" data-e-type=\"container\" data-settings=\"{&quot;background_background&quot;:&quot;classic&quot;}\">\n\t\t\t\t\t<div class=\"e-con-inner\">\n\t\t\t\t<div class=\"elementor-element elementor-element-a25155a elementor-widget elementor-widget-heading\" data-id=\"a25155a\" data-element_type=\"widget\" data-e-type=\"widget\" data-widget_type=\"heading.default\">\n\t\t\t\t\t<h2 class=\"elementor-heading-title elementor-size-default\">Op\u00e9rateur machine \u00e0 plier<\/h2>\t\t\t\t<\/div>\n\t\t\t\t<div class=\"elementor-element elementor-element-e755696 elementor-widget elementor-widget-heading\" data-id=\"e755696\" data-element_type=\"widget\" data-e-type=\"widget\" data-widget_type=\"heading.default\">\n\t\t\t\t\t<h2 class=\"elementor-heading-title elementor-size-default\">Syst\u00e8me \u00e0 deux vitesses<\/h2>\t\t\t\t<\/div>\n\t\t\t\t<div class=\"elementor-element elementor-element-decee1b elementor-widget__width-initial elementor-widget elementor-widget-text-editor\" data-id=\"decee1b\" data-element_type=\"widget\" data-e-type=\"widget\" data-widget_type=\"text-editor.default\">\n\t\t\t\t\t\t\t\t\tEn tant qu&rsquo;op\u00e9rateur de plieuse, vous r\u00e9glerez les machines correctement, contr\u00f4lerez la production avec pr\u00e9cision et garantirez la qualit\u00e9. Vous travaillerez \u00e0 temps plein dans un syst\u00e8me \u00e0 deux \u00e9quipes au sein d&rsquo;une entreprise familiale en pleine croissance. \t\t\t\t\t\t\t\t<\/div>\n\t\t\t\t<div class=\"elementor-element elementor-element-23bda38 elementor-align-left elementor-widget elementor-widget-button\" data-id=\"23bda38\" data-element_type=\"widget\" data-e-type=\"widget\" data-widget_type=\"button.default\">\n\t\t\t\t\t\t\t\t\t\t<a class=\"elementor-button elementor-button-link elementor-size-sm\" href=\"https:\/\/drukkerijhendrix.be\/fr\/vacature\/operateur-machine-a-plier\/\">\n\t\t\t\t\t\t<span class=\"elementor-button-content-wrapper\">\n\t\t\t\t\t\t\t\t\t<span class=\"elementor-button-text\">Plus d'informations<\/span>\n\t\t\t\t\t<\/span>\n\t\t\t\t\t<\/a>\n\t\t\t\t\t\t\t\t<\/div>\n\t\t\t\t\t<\/div>\n\t\t\t\t<\/div>\n\t\t\t\t<\/div>\n\t\t\t\t<\/div>\n\t\t\t\t<div data-elementor-type=\"loop-item\" data-elementor-id=\"1676\" class=\"elementor elementor-1676 elementor-583 elementor-583 e-loop-item e-loop-item-3884 post-3884 vacature type-vacature status-publish hentry\" data-elementor-post-type=\"elementor_library\" data-custom-edit-handle=\"1\">\n\t\t\t<div class=\"elementor-element elementor-element-22bb1e8 e-con-full e-flex e-con e-parent\" data-id=\"22bb1e8\" data-element_type=\"container\" data-e-type=\"container\">\n\t\t<div class=\"elementor-element elementor-element-be6601b e-flex e-con-boxed e-con e-child\" data-id=\"be6601b\" data-element_type=\"container\" data-e-type=\"container\" data-settings=\"{&quot;background_background&quot;:&quot;classic&quot;}\">\n\t\t\t\t\t<div class=\"e-con-inner\">\n\t\t\t\t<div class=\"elementor-element elementor-element-08344e4 elementor-widget elementor-widget-image\" data-id=\"08344e4\" data-element_type=\"widget\" data-e-type=\"widget\" data-widget_type=\"image.default\">\n\t\t\t\t\t\t\t\t\t\t\t\t\t\t\t<img decoding=\"async\" width=\"1200\" height=\"1800\" src=\"https:\/\/drukkerijhendrix.be\/wp-content\/uploads\/2025\/09\/DSC06637.jpg\" class=\"attachment-full size-full wp-image-3889\" alt=\"\" srcset=\"https:\/\/drukkerijhendrix.be\/wp-content\/uploads\/2025\/09\/DSC06637.jpg 1200w, https:\/\/drukkerijhendrix.be\/wp-content\/uploads\/2025\/09\/DSC06637-200x300.jpg 200w, https:\/\/drukkerijhendrix.be\/wp-content\/uploads\/2025\/09\/DSC06637-683x1024.jpg 683w, https:\/\/drukkerijhendrix.be\/wp-content\/uploads\/2025\/09\/DSC06637-768x1152.jpg 768w, https:\/\/drukkerijhendrix.be\/wp-content\/uploads\/2025\/09\/DSC06637-1024x1536.jpg 1024w\" sizes=\"(max-width: 1200px) 100vw, 1200px\" title=\"\">\t\t\t\t\t\t\t\t\t\t\t\t\t\t\t<\/div>\n\t\t\t\t\t<\/div>\n\t\t\t\t<\/div>\n\t\t<div class=\"elementor-element elementor-element-d37b1e7 e-flex e-con-boxed e-con e-child\" data-id=\"d37b1e7\" data-element_type=\"container\" data-e-type=\"container\" data-settings=\"{&quot;background_background&quot;:&quot;classic&quot;}\">\n\t\t\t\t\t<div class=\"e-con-inner\">\n\t\t\t\t<div class=\"elementor-element elementor-element-a25155a elementor-widget elementor-widget-heading\" data-id=\"a25155a\" data-element_type=\"widget\" data-e-type=\"widget\" data-widget_type=\"heading.default\">\n\t\t\t\t\t<h2 class=\"elementor-heading-title elementor-size-default\">Candidature spontan\u00e9e<\/h2>\t\t\t\t<\/div>\n\t\t\t\t<div class=\"elementor-element elementor-element-decee1b elementor-widget__width-initial elementor-widget elementor-widget-text-editor\" data-id=\"decee1b\" data-element_type=\"widget\" data-e-type=\"widget\" data-widget_type=\"text-editor.default\">\n\t\t\t\t\t\t\t\t\tVous n&rsquo;avez pas trouv\u00e9 imm\u00e9diatement un poste vacant qui vous convient ? Posez votre candidature spontan\u00e9e et convainquez-nous de vos qualit\u00e9s. \t\t\t\t\t\t\t\t<\/div>\n\t\t\t\t<div class=\"elementor-element elementor-element-23bda38 elementor-align-left elementor-widget elementor-widget-button\" data-id=\"23bda38\" data-element_type=\"widget\" data-e-type=\"widget\" data-widget_type=\"button.default\">\n\t\t\t\t\t\t\t\t\t\t<a class=\"elementor-button elementor-button-link elementor-size-sm\" href=\"https:\/\/drukkerijhendrix.be\/fr\/vacature\/candidature-spontanee\/\">\n\t\t\t\t\t\t<span class=\"elementor-button-content-wrapper\">\n\t\t\t\t\t\t\t\t\t<span class=\"elementor-button-text\">Plus d'informations<\/span>\n\t\t\t\t\t<\/span>\n\t\t\t\t\t<\/a>\n\t\t\t\t\t\t\t\t<\/div>\n\t\t\t\t\t<\/div>\n\t\t\t\t<\/div>\n\t\t\t\t<\/div>\n\t\t\t\t<\/div>\n\t\t\t\t<\/div>\n\t\t\n\t\t\t\t\t\t<\/div>\n\t\t\t\t<\/div>\n\t\t\t\t\t<\/div>\n\t\t\t\t<\/div>\n\t\t<div class=\"elementor-element elementor-element-df5431d e-con-full e-flex e-con e-parent\" data-id=\"df5431d\" data-element_type=\"container\" data-e-type=\"container\" data-settings=\"{&quot;background_background&quot;:&quot;classic&quot;}\">\n\t\t<div class=\"elementor-element elementor-element-4236a42 e-flex e-con-boxed e-con e-child\" data-id=\"4236a42\" data-element_type=\"container\" data-e-type=\"container\">\n\t\t\t\t\t<div class=\"e-con-inner\">\n\t\t<div class=\"elementor-element elementor-element-4ffde28 e-con-full e-flex e-con e-child\" data-id=\"4ffde28\" data-element_type=\"container\" data-e-type=\"container\">\n\t\t\t\t<div class=\"elementor-element elementor-element-1b6dbb8 elementor-widget elementor-widget-heading\" data-id=\"1b6dbb8\" data-element_type=\"widget\" data-e-type=\"widget\" data-widget_type=\"heading.default\">\n\t\t\t\t\t<h2 class=\"elementor-heading-title elementor-size-default\">Prenez rendez-vous <span class=\"petrol\">ici<\/a><\/h2>\t\t\t\t<\/div>\n\t\t\t\t<div class=\"elementor-element elementor-element-904a95e elementor-widget__width-initial elementor-widget elementor-widget-text-editor\" data-id=\"904a95e\" data-element_type=\"widget\" data-e-type=\"widget\" data-widget_type=\"text-editor.default\">\n\t\t\t\t\t\t\t\t\t<p>Vous souhaitez en savoir plus sur nos services ou discuter d&rsquo;un projet ? Notre \u00e9quipe est \u00e0 votre disposition par t\u00e9l\u00e9phone, par e-mail ou lors d&rsquo;un rendez-vous chez vous ou chez nous. <\/p>\t\t\t\t\t\t\t\t<\/div>\n\t\t\t\t<div class=\"elementor-element elementor-element-d313ec6 elementor-icon-list--layout-traditional elementor-list-item-link-full_width elementor-widget elementor-widget-icon-list\" data-id=\"d313ec6\" data-element_type=\"widget\" data-e-type=\"widget\" data-widget_type=\"icon-list.default\">\n\t\t\t\t\t\t\t<ul class=\"elementor-icon-list-items\">\n\t\t\t\t\t\t\t<li class=\"elementor-icon-list-item\">\n\t\t\t\t\t\t\t\t\t\t\t<span class=\"elementor-icon-list-icon\">\n\t\t\t\t\t\t\t<svg aria-hidden=\"true\" class=\"e-font-icon-svg e-fas-phone-alt\" viewBox=\"0 0 512 512\" xmlns=\"http:\/\/www.w3.org\/2000\/svg\"><path d=\"M497.39 361.8l-112-48a24 24 0 0 0-28 6.9l-49.6 60.6A370.66 370.66 0 0 1 130.6 204.11l60.6-49.6a23.94 23.94 0 0 0 6.9-28l-48-112A24.16 24.16 0 0 0 122.6.61l-104 24A24 24 0 0 0 0 48c0 256.5 207.9 464 464 464a24 24 0 0 0 23.4-18.6l24-104a24.29 24.29 0 0 0-14.01-27.6z\"><\/path><\/svg>\t\t\t\t\t\t<\/span>\n\t\t\t\t\t\t\t\t\t\t<span class=\"elementor-icon-list-text\">+32 011 63 19 54<\/span>\n\t\t\t\t\t\t\t\t\t<\/li>\n\t\t\t\t\t\t\t\t<li class=\"elementor-icon-list-item\">\n\t\t\t\t\t\t\t\t\t\t\t<a href=\"mailto:info@drukkerijhendrix.be\">\n\n\t\t\t\t\t\t\t\t\t\t\t\t<span class=\"elementor-icon-list-icon\">\n\t\t\t\t\t\t\t<svg aria-hidden=\"true\" class=\"e-font-icon-svg e-far-envelope-open\" viewBox=\"0 0 512 512\" xmlns=\"http:\/\/www.w3.org\/2000\/svg\"><path d=\"M494.586 164.516c-4.697-3.883-111.723-89.95-135.251-108.657C337.231 38.191 299.437 0 256 0c-43.205 0-80.636 37.717-103.335 55.859-24.463 19.45-131.07 105.195-135.15 108.549A48.004 48.004 0 0 0 0 201.485V464c0 26.51 21.49 48 48 48h416c26.51 0 48-21.49 48-48V201.509a48 48 0 0 0-17.414-36.993zM464 458a6 6 0 0 1-6 6H54a6 6 0 0 1-6-6V204.347c0-1.813.816-3.526 2.226-4.665 15.87-12.814 108.793-87.554 132.364-106.293C200.755 78.88 232.398 48 256 48c23.693 0 55.857 31.369 73.41 45.389 23.573 18.741 116.503 93.493 132.366 106.316a5.99 5.99 0 0 1 2.224 4.663V458zm-31.991-187.704c4.249 5.159 3.465 12.795-1.745 16.981-28.975 23.283-59.274 47.597-70.929 56.863C336.636 362.283 299.205 400 256 400c-43.452 0-81.287-38.237-103.335-55.86-11.279-8.967-41.744-33.413-70.927-56.865-5.21-4.187-5.993-11.822-1.745-16.981l15.258-18.528c4.178-5.073 11.657-5.843 16.779-1.726 28.618 23.001 58.566 47.035 70.56 56.571C200.143 320.631 232.307 352 256 352c23.602 0 55.246-30.88 73.41-45.389 11.994-9.535 41.944-33.57 70.563-56.568 5.122-4.116 12.601-3.346 16.778 1.727l15.258 18.526z\"><\/path><\/svg>\t\t\t\t\t\t<\/span>\n\t\t\t\t\t\t\t\t\t\t<span class=\"elementor-icon-list-text\">info@drukkerijhendrix.be<\/span>\n\t\t\t\t\t\t\t\t\t\t\t<\/a>\n\t\t\t\t\t\t\t\t\t<\/li>\n\t\t\t\t\t\t<\/ul>\n\t\t\t\t\t\t<\/div>\n\t\t\t\t<div class=\"elementor-element elementor-element-328acb0 elementor-widget elementor-widget-button\" data-id=\"328acb0\" data-element_type=\"widget\" data-e-type=\"widget\" data-widget_type=\"button.default\">\n\t\t\t\t\t\t\t\t\t\t<a class=\"elementor-button elementor-button-link elementor-size-sm\" href=\"https:\/\/drukkerijhendrix.be\/fr\/contact\/\">\n\t\t\t\t\t\t<span class=\"elementor-button-content-wrapper\">\n\t\t\t\t\t\t\t\t\t<span class=\"elementor-button-text\">Contactez nous<\/span>\n\t\t\t\t\t<\/span>\n\t\t\t\t\t<\/a>\n\t\t\t\t\t\t\t\t<\/div>\n\t\t\t\t<\/div>\n\t\t<div class=\"elementor-element elementor-element-8f9f416 e-con-full elementor-hidden-mobile e-flex e-con e-child\" data-id=\"8f9f416\" data-element_type=\"container\" data-e-type=\"container\">\n\t\t<div class=\"elementor-element elementor-element-f6803d5 e-con-full e-flex e-con e-child\" data-id=\"f6803d5\" data-element_type=\"container\" data-e-type=\"container\">\n\t\t\t\t<div class=\"elementor-element elementor-element-9483084 elementor-widget elementor-widget-image\" data-id=\"9483084\" data-element_type=\"widget\" data-e-type=\"widget\" data-widget_type=\"image.default\">\n\t\t\t\t\t\t\t\t\t\t\t\t\t\t\t<img decoding=\"async\" width=\"2200\" height=\"1467\" src=\"https:\/\/drukkerijhendrix.be\/wp-content\/uploads\/2025\/10\/Afspraak-maken-sectiedef.jpg\" class=\"attachment-full size-full wp-image-2732\" alt=\"\" srcset=\"https:\/\/drukkerijhendrix.be\/wp-content\/uploads\/2025\/10\/Afspraak-maken-sectiedef.jpg 2200w, https:\/\/drukkerijhendrix.be\/wp-content\/uploads\/2025\/10\/Afspraak-maken-sectiedef-300x200.jpg 300w, https:\/\/drukkerijhendrix.be\/wp-content\/uploads\/2025\/10\/Afspraak-maken-sectiedef-1024x683.jpg 1024w, https:\/\/drukkerijhendrix.be\/wp-content\/uploads\/2025\/10\/Afspraak-maken-sectiedef-768x512.jpg 768w, https:\/\/drukkerijhendrix.be\/wp-content\/uploads\/2025\/10\/Afspraak-maken-sectiedef-1536x1024.jpg 1536w, https:\/\/drukkerijhendrix.be\/wp-content\/uploads\/2025\/10\/Afspraak-maken-sectiedef-2048x1366.jpg 2048w\" sizes=\"(max-width: 2200px) 100vw, 2200px\" title=\"\">\t\t\t\t\t\t\t\t\t\t\t\t\t\t\t<\/div>\n\t\t\t\t<\/div>\n\t\t<div class=\"elementor-element elementor-element-ced2110 e-con-full e-flex e-con e-child\" data-id=\"ced2110\" data-element_type=\"container\" data-e-type=\"container\" data-settings=\"{&quot;background_background&quot;:&quot;classic&quot;}\">\n\t\t\t\t<\/div>\n\t\t\t\t<\/div>\n\t\t\t\t\t<\/div>\n\t\t\t\t<\/div>\n\t\t\t\t<\/div>\n\t\t\t\t<\/div>\n\t\t","protected":false},"excerpt":{"rendered":"<p>Emplois Chez Drukkerij Hendrix, nous construisons des imprim\u00e9s de qualit\u00e9 depuis trois g\u00e9n\u00e9rations. Chez nous, vous ne travaillez pas seulement [&hellip;]<\/p>\n","protected":false},"author":1,"featured_media":0,"parent":0,"menu_order":0,"comment_status":"closed","ping_status":"closed","template":"","meta":{"_acf_changed":false,"site-sidebar-layout":"no-sidebar","site-content-layout":"","ast-site-content-layout":"full-width-container","site-content-style":"default","site-sidebar-style":"default","ast-global-header-display":"","ast-banner-title-visibility":"","ast-main-header-display":"","ast-hfb-above-header-display":"","ast-hfb-below-header-display":"","ast-hfb-mobile-header-display":"","site-post-title":"disabled","ast-breadcrumbs-content":"","ast-featured-img":"disabled","footer-sml-layout":"","ast-disable-related-posts":"","theme-transparent-header-meta":"default","adv-header-id-meta":"","stick-header-meta":"","header-above-stick-meta":"","header-main-stick-meta":"","header-below-stick-meta":"","astra-migrate-meta-layouts":"default","ast-page-background-enabled":"default","ast-page-background-meta":{"desktop":{"background-color":"var(--ast-global-color-5)","background-image":"","background-repeat":"repeat","background-position":"center center","background-size":"auto","background-attachment":"scroll","background-type":"","background-media":"","overlay-type":"","overlay-color":"","overlay-opacity":"","overlay-gradient":""},"tablet":{"background-color":"","background-image":"","background-repeat":"repeat","background-position":"center center","background-size":"auto","background-attachment":"scroll","background-type":"","background-media":"","overlay-type":"","overlay-color":"","overlay-opacity":"","overlay-gradient":""},"mobile":{"background-color":"","background-image":"","background-repeat":"repeat","background-position":"center center","background-size":"auto","background-attachment":"scroll","background-type":"","background-media":"","overlay-type":"","overlay-color":"","overlay-opacity":"","overlay-gradient":""}},"ast-content-background-meta":{"desktop":{"background-color":"var(--ast-global-color-4)","background-image":"","background-repeat":"repeat","background-position":"center center","background-size":"auto","background-attachment":"scroll","background-type":"","background-media":"","overlay-type":"","overlay-color":"","overlay-opacity":"","overlay-gradient":""},"tablet":{"background-color":"var(--ast-global-color-4)","background-image":"","background-repeat":"repeat","background-position":"center center","background-size":"auto","background-attachment":"scroll","background-type":"","background-media":"","overlay-type":"","overlay-color":"","overlay-opacity":"","overlay-gradient":""},"mobile":{"background-color":"var(--ast-global-color-4)","background-image":"","background-repeat":"repeat","background-position":"center center","background-size":"auto","background-attachment":"scroll","background-type":"","background-media":"","overlay-type":"","overlay-color":"","overlay-opacity":"","overlay-gradient":""}},"footnotes":""},"class_list":["post-1492","page","type-page","status-publish","hentry"],"acf":[],"_links":{"self":[{"href":"https:\/\/drukkerijhendrix.be\/fr\/wp-json\/wp\/v2\/pages\/1492","targetHints":{"allow":["GET"]}}],"collection":[{"href":"https:\/\/drukkerijhendrix.be\/fr\/wp-json\/wp\/v2\/pages"}],"about":[{"href":"https:\/\/drukkerijhendrix.be\/fr\/wp-json\/wp\/v2\/types\/page"}],"author":[{"embeddable":true,"href":"https:\/\/drukkerijhendrix.be\/fr\/wp-json\/wp\/v2\/users\/1"}],"replies":[{"embeddable":true,"href":"https:\/\/drukkerijhendrix.be\/fr\/wp-json\/wp\/v2\/comments?post=1492"}],"version-history":[{"count":11,"href":"https:\/\/drukkerijhendrix.be\/fr\/wp-json\/wp\/v2\/pages\/1492\/revisions"}],"predecessor-version":[{"id":4067,"href":"https:\/\/drukkerijhendrix.be\/fr\/wp-json\/wp\/v2\/pages\/1492\/revisions\/4067"}],"wp:attachment":[{"href":"https:\/\/drukkerijhendrix.be\/fr\/wp-json\/wp\/v2\/media?parent=1492"}],"curies":[{"name":"wp","href":"https:\/\/api.w.org\/{rel}","templated":true}]}}